{"id":204,"date":"2025-08-16T11:47:55","date_gmt":"2025-08-16T09:47:55","guid":{"rendered":"https:\/\/canaltsf.com\/?page_id=204"},"modified":"2026-04-19T00:30:01","modified_gmt":"2026-04-18T22:30:01","slug":"perses-de-france","status":"publish","type":"page","link":"https:\/\/canaltsf.com\/index.php\/perses-de-france\/","title":{"rendered":"La po\u00e9sie fran\u00e7aise et persane avec Darya"},"content":{"rendered":"\n<div class=\"wp-block-columns alignwide is-layout-flex wp-container-core-columns-is-layout-28f84493 wp-block-columns-is-layout-flex\">\n<div class=\"wp-block-column is-layout-flow wp-block-column-is-layout-flow\">\n<div class=\"wp-block-columns is-layout-flex wp-container-core-columns-is-layout-28f84493 wp-block-columns-is-layout-flex\">\n<div class=\"wp-block-column is-vertically-aligned-center has-global-padding is-content-justification-left is-layout-constrained wp-container-core-column-is-layout-363eb891 wp-block-column-is-layout-constrained\">\n<p class=\"has-contrast-color has-text-color has-link-color has-literata-font-family has-medium-font-size wp-elements-3b30a7c293232aed7f036c620c910831\" style=\"border-style:none;border-width:0px;font-style:normal;font-weight:400\">Moi, c&rsquo;est Darya. Je viens d&rsquo;Iran. Je suis math\u00e9maticienne mais aussi po\u00e9tesse. Tous les lundis \u00e0 17 heures, le temps d&rsquo;une pause, je vous fais voyager sur les ponts entre la litt\u00e9rature persane et fran\u00e7aise. Venez d\u00e9couvrir les autrices et les auteurs qui ont fait nos cultures mais aussi les po\u00e8tes contemporains d&rsquo;ici et d&rsquo;ailleurs. <\/p>\n<\/div>\n<\/div>\n<\/div>\n<\/div>\n\n\n\n<div class=\"wp-block-columns is-layout-flex wp-container-core-columns-is-layout-28f84493 wp-block-columns-is-layout-flex\">\n<div class=\"wp-block-column is-layout-flow wp-block-column-is-layout-flow\" style=\"flex-basis:100%\">\n<iframe src=\"https:\/\/www.vodio.fr\/frameplay.php?idref=33786&#038;urlref=1\" style=\"border: 0px none; box-shadow: rgba(0, 0, 0, 0.28) 0px 0px 10px; width: calc(100% - 10px); height: 180px; margin-left: 5px; padding: 0;\" scrolling=\"no\"><\/iframe>\n\n\n\n<iframe src=\"https:\/\/www.vodio.fr\/frameplay.php?idref=33371&#038;urlref=1\" style=\"border: 0px none; box-shadow: rgba(0, 0, 0, 0.28) 0px 0px 10px; width: calc(100% - 10px); height: 180px; margin-left: 5px; padding: 0;\" scrolling=\"no\"><\/iframe>\n\n\n\n<iframe src=\"https:\/\/www.vodio.fr\/frameplay.php?idref=33119&#038;urlref=1\" style=\"border: 0px none; box-shadow: rgba(0, 0, 0, 0.28) 0px 0px 10px; width: calc(100% - 10px); height: 180px; margin-left: 5px; padding: 0;\" scrolling=\"no\"><\/iframe>\n\n\n\n<iframe src=\"https:\/\/www.vodio.fr\/frameplay.php?idref=33118&#038;urlref=1\" style=\"border: 0px none; box-shadow: rgba(0, 0, 0, 0.28) 0px 0px 10px; width: calc(100% - 10px); height: 180px; margin-left: 5px; padding: 0;\" scrolling=\"no\"><\/iframe>\n\n\n\n<iframe src=\"https:\/\/www.vodio.fr\/frameplay.php?idref=32633&#038;urlref=1\" style=\"border: 0px none; box-shadow: rgba(0, 0, 0, 0.28) 0px 0px 10px; width: calc(100% - 10px); height: 180px; margin-left: 5px; padding: 0;\" scrolling=\"no\"><\/iframe>\n<\/div>\n<\/div>\n","protected":false},"excerpt":{"rendered":"<p>Moi, c&rsquo;est Darya. Je viens d&rsquo;Iran. Je suis math\u00e9maticienne mais aussi po\u00e9tesse. Tous les lundis \u00e0 17 heures, le temps d&rsquo;une pause, je vous fais voyager sur les ponts entre la litt\u00e9rature persane et fran\u00e7aise. Venez d\u00e9couvrir les autrices et les auteurs qui ont fait nos cultures mais aussi les po\u00e8tes contemporains d&rsquo;ici et d&rsquo;ailleurs.<\/p>\n","protected":false},"author":1,"featured_media":339,"parent":0,"menu_order":0,"comment_status":"closed","ping_status":"closed","template":"","meta":{"episode_type":"","audio_file":"","podmotor_file_id":"","podmotor_episode_id":"","cover_image":"","cover_image_id":"","duration":"","filesize":"","filesize_raw":"","date_recorded":"","explicit":"","block":"","itunes_episode_number":"","itunes_title":"","itunes_season_number":"","itunes_episode_type":"","footnotes":""},"class_list":["post-204","page","type-page","status-publish","has-post-thumbnail","hentry"],"_links":{"self":[{"href":"https:\/\/canaltsf.com\/index.php\/wp-json\/wp\/v2\/pages\/204","targetHints":{"allow":["GET"]}}],"collection":[{"href":"https:\/\/canaltsf.com\/index.php\/wp-json\/wp\/v2\/pages"}],"about":[{"href":"https:\/\/canaltsf.com\/index.php\/wp-json\/wp\/v2\/types\/page"}],"author":[{"embeddable":true,"href":"https:\/\/canaltsf.com\/index.php\/wp-json\/wp\/v2\/users\/1"}],"replies":[{"embeddable":true,"href":"https:\/\/canaltsf.com\/index.php\/wp-json\/wp\/v2\/comments?post=204"}],"version-history":[{"count":7,"href":"https:\/\/canaltsf.com\/index.php\/wp-json\/wp\/v2\/pages\/204\/revisions"}],"predecessor-version":[{"id":388,"href":"https:\/\/canaltsf.com\/index.php\/wp-json\/wp\/v2\/pages\/204\/revisions\/388"}],"wp:featuredmedia":[{"embeddable":true,"href":"https:\/\/canaltsf.com\/index.php\/wp-json\/wp\/v2\/media\/339"}],"wp:attachment":[{"href":"https:\/\/canaltsf.com\/index.php\/wp-json\/wp\/v2\/media?parent=204"}],"curies":[{"name":"wp","href":"https:\/\/api.w.org\/{rel}","templated":true}]}}