{"id":349,"date":"2026-04-18T19:04:08","date_gmt":"2026-04-18T17:04:08","guid":{"rendered":"https:\/\/canaltsf.com\/?page_id=349"},"modified":"2026-04-18T23:51:25","modified_gmt":"2026-04-18T21:51:25","slug":"droit-au-chapitre","status":"publish","type":"page","link":"https:\/\/canaltsf.com\/index.php\/droit-au-chapitre\/","title":{"rendered":"Droit au chapitre"},"content":{"rendered":"\n<div class=\"wp-block-columns alignwide is-layout-flex wp-container-core-columns-is-layout-28f84493 wp-block-columns-is-layout-flex\">\n<div class=\"wp-block-column is-layout-flow wp-block-column-is-layout-flow\" style=\"flex-basis:100%\">\n<p class=\"is-style-text-display has-border-color has-accent-5-border-color has-contrast-color has-text-color has-link-color has-literata-font-family has-medium-font-size wp-elements-a8865a82d17aef777908d69610f0a884 is-style-text-display--1\" style=\"border-width:33px;font-style:normal;font-weight:400\">On dit souvent qu&rsquo;on a des droits mais aussi des devoirs. Mais quand on n&rsquo;a rien, qui les d\u00e9fend nos droits ?  Droit au chapitre, c&rsquo;est l&rsquo;\u00e9mission qui donne la voix aux associations qui d\u00e9fendent nos droit, \u00e0 nous les exil\u00e9s. <\/p>\n<\/div>\n<\/div>\n\n\n\n<div class=\"wp-block-columns alignwide is-layout-flex wp-container-core-columns-is-layout-28f84493 wp-block-columns-is-layout-flex\">\n<div class=\"wp-block-column is-layout-flow wp-block-column-is-layout-flow\" style=\"flex-basis:100%\">\n<iframe src=\"https:\/\/www.vodio.fr\/frameplay.php?idref=28213&#038;urlref=1\" style=\"border: 0px none; box-shadow: rgba(0, 0, 0, 0.28) 0px 0px 10px; width: calc(100% - 10px); height: 180px; margin-left: 5px; padding: 0;\" scrolling=\"no\"><\/iframe>\n\n\n\n<iframe src=\"https:\/\/www.vodio.fr\/frameplay.php?idref=33909&#038;urlref=1\" style=\"border: 0px none; box-shadow: rgba(0, 0, 0, 0.28) 0px 0px 10px; width: calc(100% - 10px); height: 180px; margin-left: 5px; padding: 0;\" scrolling=\"no\"><\/iframe>\n<\/div>\n<\/div>\n","protected":false},"excerpt":{"rendered":"<p>On dit souvent qu&rsquo;on a des droits mais aussi des devoirs. Mais quand on n&rsquo;a rien, qui les d\u00e9fend nos droits ? Droit au chapitre, c&rsquo;est l&rsquo;\u00e9mission qui donne la voix aux associations qui d\u00e9fendent nos droit, \u00e0 nous les exil\u00e9s.<\/p>\n","protected":false},"author":1,"featured_media":341,"parent":0,"menu_order":0,"comment_status":"closed","ping_status":"closed","template":"","meta":{"episode_type":"","audio_file":"","podmotor_file_id":"","podmotor_episode_id":"","cover_image":"","cover_image_id":"","duration":"","filesize":"","filesize_raw":"","date_recorded":"","explicit":"","block":"","itunes_episode_number":"","itunes_title":"","itunes_season_number":"","itunes_episode_type":"","footnotes":""},"class_list":["post-349","page","type-page","status-publish","has-post-thumbnail","hentry"],"_links":{"self":[{"href":"https:\/\/canaltsf.com\/index.php\/wp-json\/wp\/v2\/pages\/349","targetHints":{"allow":["GET"]}}],"collection":[{"href":"https:\/\/canaltsf.com\/index.php\/wp-json\/wp\/v2\/pages"}],"about":[{"href":"https:\/\/canaltsf.com\/index.php\/wp-json\/wp\/v2\/types\/page"}],"author":[{"embeddable":true,"href":"https:\/\/canaltsf.com\/index.php\/wp-json\/wp\/v2\/users\/1"}],"replies":[{"embeddable":true,"href":"https:\/\/canaltsf.com\/index.php\/wp-json\/wp\/v2\/comments?post=349"}],"version-history":[{"count":12,"href":"https:\/\/canaltsf.com\/index.php\/wp-json\/wp\/v2\/pages\/349\/revisions"}],"predecessor-version":[{"id":491,"href":"https:\/\/canaltsf.com\/index.php\/wp-json\/wp\/v2\/pages\/349\/revisions\/491"}],"wp:featuredmedia":[{"embeddable":true,"href":"https:\/\/canaltsf.com\/index.php\/wp-json\/wp\/v2\/media\/341"}],"wp:attachment":[{"href":"https:\/\/canaltsf.com\/index.php\/wp-json\/wp\/v2\/media?parent=349"}],"curies":[{"name":"wp","href":"https:\/\/api.w.org\/{rel}","templated":true}]}}